{"id":7387,"date":"2026-03-06T10:01:34","date_gmt":"2026-03-06T09:01:34","guid":{"rendered":"https:\/\/www.qj-motor.net\/?page_id=7387"},"modified":"2026-04-23T09:37:04","modified_gmt":"2026-04-23T07:37:04","slug":"die-welt-von-qj","status":"publish","type":"page","link":"https:\/\/www.qj-motor.net\/de-at\/fahrschulprogramm\/die-welt-von-qj\/","title":{"rendered":"Fahrschulen"},"content":{"rendered":"\t\t<div data-elementor-type=\"wp-page\" data-elementor-id=\"7387\" class=\"elementor elementor-7387 elementor-7386\" data-elementor-post-type=\"page\">\n\t\t\t\t<div class=\"elementor-element elementor-element-10978d1 e-con-full e-flex e-con e-parent\" data-id=\"10978d1\" data-element_type=\"container\" data-e-type=\"container\" data-settings=\"{&quot;background_background&quot;:&quot;classic&quot;}\">\n\t\t\t\t<\/div>\n\t\t<div class=\"elementor-element elementor-element-03e7e30 e-flex e-con-boxed e-con e-parent\" data-id=\"03e7e30\" data-element_type=\"container\" data-e-type=\"container\" data-settings=\"{&quot;background_background&quot;:&quot;classic&quot;}\">\n\t\t\t\t\t<div class=\"e-con-inner\">\n\t\t<div class=\"elementor-element elementor-element-1d96129 e-con-full e-flex e-con e-child\" data-id=\"1d96129\" data-element_type=\"container\" data-e-type=\"container\">\n\t\t\t\t<div class=\"elementor-element elementor-element-dcbc537 elementor-widget elementor-widget-heading\" data-id=\"dcbc537\" data-element_type=\"widget\" data-e-type=\"widget\" data-widget_type=\"heading.default\">\n\t\t\t\t<div class=\"elementor-widget-container\">\n\t\t\t\t\t<h2 class=\"elementor-heading-title elementor-size-default\">Du willst QJMOTOR Fahrschul Partner werden?<\/h2>\t\t\t\t<\/div>\n\t\t\t\t<\/div>\n\t\t\t\t<div class=\"elementor-element elementor-element-477feb0 elementor-widget elementor-widget-text-editor\" data-id=\"477feb0\" data-element_type=\"widget\" data-e-type=\"widget\" data-widget_type=\"text-editor.default\">\n\t\t\t\t<div class=\"elementor-widget-container\">\n\t\t\t\t\t\t\t\t\t<p>Mit dem <strong>QJMOTOR Fahrschulprogramm 2026<\/strong> bieten wir Fahrschulen eine attraktive M\u00f6glichkeit, moderne Schulungsfahrzeuge zu attraktiven Konditionen einzusetzen.<\/p><p>Ziel des Programms ist es, Fahrschulen nachhaltig zu unterst\u00fctzen und gleichzeitig den Einstieg f\u00fcr Fahrsch\u00fcler in die Marke QJMOTOR zu erleichtern.<\/p><p><strong>Fahrschulen profitieren von einem Rabatt von 12 %<\/strong> auf neu bestellte Fahrsch\u00fcler- und Begleitfahrzeuge aus dem QJMOTOR Programm.<\/p><p>Im Programm befinden sich f\u00fcnf Modelle, die sich ideal f\u00fcr den Ausbildungsbetrieb eignen. <br><strong>Vom coolem 125er bis zum 800er Nakedbike, \u00fcber einen 125er Scooter bis hin zum 125er Cruiser mit niedriger Sitzh\u00f6he<\/strong>, bietet QJMOTOR eine Vielzahl an Fahrzeugkategorien, speziell f\u00fcr den Fahrschulbetrieb an. Moderne Ausstattung, top-Qualit\u00e4t sowie optionale Sicherheitspakete mit Sturzb\u00fcgeln oder Sturzpads sorgen f\u00fcr hohe Praxistauglichkeit im t\u00e4glichen Schulungsbetrieb. <\/p><p>QJMOTOR versteht sich als langfristiger Partner f\u00fcr Fahrschulen \u2013 mit modernen Fahrzeugen, stabiler Ersatzteilversorgung und interessanten Rahmenbedingungen f\u00fcr eine erfolgreiche Zusammenarbeit.<\/p>\t\t\t\t\t\t\t\t<\/div>\n\t\t\t\t<\/div>\n\t\t<div class=\"elementor-element elementor-element-2a18372 e-con-full e-flex e-con e-child\" data-id=\"2a18372\" data-element_type=\"container\" data-e-type=\"container\">\n\t\t\t\t<div class=\"elementor-element elementor-element-403db59 elementor-widget elementor-widget-image\" data-id=\"403db59\" data-element_type=\"widget\" data-e-type=\"widget\" data-widget_type=\"image.default\">\n\t\t\t\t<div class=\"elementor-widget-container\">\n\t\t\t\t\t\t\t\t\t\t\t\t\t\t\t<img fetchpriority=\"high\" decoding=\"async\" width=\"800\" height=\"976\" src=\"https:\/\/www.qj-motor.net\/wp-content\/uploads\/2024\/11\/arrow-down-to-line-light-1.svg\" class=\"attachment-large size-large wp-image-1318\" alt=\"\" \/>\t\t\t\t\t\t\t\t\t\t\t\t\t\t\t<\/div>\n\t\t\t\t<\/div>\n\t\t\t\t<div class=\"elementor-element elementor-element-91f1570 elementor-widget elementor-widget-heading\" data-id=\"91f1570\" data-element_type=\"widget\" data-e-type=\"widget\" data-widget_type=\"heading.default\">\n\t\t\t\t<div class=\"elementor-widget-container\">\n\t\t\t\t\t<p class=\"elementor-heading-title elementor-size-default\"><a href=\"https:\/\/www.qj-motor.net\/wp-content\/uploads\/2026\/04\/QJMOTOR_FahrschulProgramm-AT_lll.pdf\" target=\"_blank\">Folder zum Download<\/a><\/p>\t\t\t\t<\/div>\n\t\t\t\t<\/div>\n\t\t\t\t<\/div>\n\t\t<div class=\"elementor-element elementor-element-70dca01 e-con-full e-flex e-con e-child\" data-id=\"70dca01\" data-element_type=\"container\" data-e-type=\"container\">\n\t\t\t\t<div class=\"elementor-element elementor-element-f1eda93 elementor-widget elementor-widget-image\" data-id=\"f1eda93\" data-element_type=\"widget\" data-e-type=\"widget\" data-widget_type=\"image.default\">\n\t\t\t\t<div class=\"elementor-widget-container\">\n\t\t\t\t\t\t\t\t\t\t\t\t\t\t\t<img fetchpriority=\"high\" decoding=\"async\" width=\"800\" height=\"976\" src=\"https:\/\/www.qj-motor.net\/wp-content\/uploads\/2024\/11\/arrow-down-to-line-light-1.svg\" class=\"attachment-large size-large wp-image-1318\" alt=\"\" \/>\t\t\t\t\t\t\t\t\t\t\t\t\t\t\t<\/div>\n\t\t\t\t<\/div>\n\t\t\t\t<div class=\"elementor-element elementor-element-ad7adfa elementor-widget elementor-widget-heading\" data-id=\"ad7adfa\" data-element_type=\"widget\" data-e-type=\"widget\" data-widget_type=\"heading.default\">\n\t\t\t\t<div class=\"elementor-widget-container\">\n\t\t\t\t\t<p class=\"elementor-heading-title elementor-size-default\"><a href=\"https:\/\/www.qj-motor.net\/wp-content\/uploads\/2026\/03\/Konditionsblatt_AT.pdf\" target=\"_blank\">Konditionsblatt zum Download<\/a><\/p>\t\t\t\t<\/div>\n\t\t\t\t<\/div>\n\t\t\t\t<\/div>\n\t\t<div class=\"elementor-element elementor-element-2d5def6 e-con-full e-flex e-con e-child\" data-id=\"2d5def6\" data-element_type=\"container\" data-e-type=\"container\">\n\t\t\t\t<div class=\"elementor-element elementor-element-6cd5a88 elementor-widget elementor-widget-heading\" data-id=\"6cd5a88\" data-element_type=\"widget\" data-e-type=\"widget\" data-widget_type=\"heading.default\">\n\t\t\t\t<div class=\"elementor-widget-container\">\n\t\t\t\t\t<h2 class=\"elementor-heading-title elementor-size-default\">Zum Beispiel die SRK 125 S:<\/h2>\t\t\t\t<\/div>\n\t\t\t\t<\/div>\n\t\t\t\t<div class=\"elementor-element elementor-element-0a3e42c elementor-widget elementor-widget-image\" data-id=\"0a3e42c\" data-element_type=\"widget\" data-e-type=\"widget\" data-widget_type=\"image.default\">\n\t\t\t\t<div class=\"elementor-widget-container\">\n\t\t\t\t\t\t\t\t\t\t\t\t\t\t\t<img decoding=\"async\" width=\"745\" height=\"1024\" src=\"https:\/\/www.qj-motor.net\/wp-content\/uploads\/2026\/04\/Bildschirmfoto-2026-04-23-um-09.36.29-745x1024.png\" class=\"attachment-large size-large wp-image-8169\" alt=\"\" srcset=\"https:\/\/www.qj-motor.net\/wp-content\/uploads\/2026\/04\/Bildschirmfoto-2026-04-23-um-09.36.29-745x1024.png 745w, https:\/\/www.qj-motor.net\/wp-content\/uploads\/2026\/04\/Bildschirmfoto-2026-04-23-um-09.36.29-218x300.png 218w, https:\/\/www.qj-motor.net\/wp-content\/uploads\/2026\/04\/Bildschirmfoto-2026-04-23-um-09.36.29-768x1055.png 768w, https:\/\/www.qj-motor.net\/wp-content\/uploads\/2026\/04\/Bildschirmfoto-2026-04-23-um-09.36.29.png 904w\" sizes=\"(max-width: 745px) 100vw, 745px\" \/>\t\t\t\t\t\t\t\t\t\t\t\t\t\t\t<\/div>\n\t\t\t\t<\/div>\n\t\t\t\t<\/div>\n\t\t\t\t<\/div>\n\t\t\t\t\t<\/div>\n\t\t\t\t<\/div>\n\t\t\t\t<\/div>\n\t\t","protected":false},"excerpt":{"rendered":"<p>Du willst QJMOTOR Fahrschul Partner werden? Mit dem QJMOTOR Fahrschulprogramm 2026 bieten wir Fahrschulen eine attraktive M\u00f6glichkeit, moderne Schulungsfahrzeuge zu attraktiven Konditionen einzusetzen. Ziel des Programms ist es, Fahrschulen nachhaltig zu unterst\u00fctzen und gleichzeitig den Einstieg f\u00fcr Fahrsch\u00fcler in die Marke QJMOTOR zu erleichtern. Fahrschulen profitieren von einem Rabatt von 12 % auf neu bestellte [&hellip;]<\/p>\n","protected":false},"author":1,"featured_media":0,"parent":7365,"menu_order":0,"comment_status":"closed","ping_status":"closed","template":"","meta":{"_acf_changed":false,"inline_featured_image":false,"footnotes":""},"class_list":["post-7387","page","type-page","status-publish","hentry"],"acf":[],"yoast_head":"<!-- This site is optimized with the Yoast SEO plugin v27.4 - https:\/\/yoast.com\/product\/yoast-seo-wordpress\/ -->\n<title>Fahrschulen - seit 40 Jahren Innovation und Fahrspa\u00df<\/title>\n<meta name=\"description\" content=\"Wir leben Begeisterung f\u00fcr perfekte Motorr\u00e4der und Quads und das seit 40 Jahren. Erfahre mehr \u00fcber die Qualit\u00e4t und Vision von QJ Motor!\" \/>\n<meta name=\"robots\" content=\"index, follow, max-snippet:-1, max-image-preview:large, max-video-preview:-1\" \/>\n<link rel=\"canonical\" href=\"https:\/\/www.qj-motor.net\/de-at\/fahrschulprogramm\/die-welt-von-qj\/\" \/>\n<meta property=\"og:locale\" content=\"de_DE\" \/>\n<meta property=\"og:type\" content=\"article\" \/>\n<meta property=\"og:title\" content=\"Fahrschulen - seit 40 Jahren Innovation und Fahrspa\u00df\" \/>\n<meta property=\"og:description\" content=\"Wir leben Begeisterung f\u00fcr perfekte Motorr\u00e4der und Quads und das seit 40 Jahren. Erfahre mehr \u00fcber die Qualit\u00e4t und Vision von QJ Motor!\" \/>\n<meta property=\"og:url\" content=\"https:\/\/www.qj-motor.net\/de-at\/fahrschulprogramm\/die-welt-von-qj\/\" \/>\n<meta property=\"og:site_name\" content=\"QJ Motor\" \/>\n<meta property=\"article:modified_time\" content=\"2026-04-23T07:37:04+00:00\" \/>\n<meta name=\"twitter:card\" content=\"summary_large_image\" \/>\n<meta name=\"twitter:label1\" content=\"Est. reading time\" \/>\n\t<meta name=\"twitter:data1\" content=\"2 minutes\" \/>\n<script type=\"application\/ld+json\" class=\"yoast-schema-graph\">{\"@context\":\"https:\\\/\\\/schema.org\",\"@graph\":[{\"@type\":\"WebPage\",\"@id\":\"https:\\\/\\\/www.qj-motor.net\\\/de-at\\\/fahrschulprogramm\\\/die-welt-von-qj\\\/\",\"url\":\"https:\\\/\\\/www.qj-motor.net\\\/de-at\\\/fahrschulprogramm\\\/die-welt-von-qj\\\/\",\"name\":\"Fahrschulen - seit 40 Jahren Innovation und Fahrspa\u00df\",\"isPartOf\":{\"@id\":\"https:\\\/\\\/www.qj-motor.net\\\/#website\"},\"primaryImageOfPage\":{\"@id\":\"https:\\\/\\\/www.qj-motor.net\\\/de-at\\\/fahrschulprogramm\\\/die-welt-von-qj\\\/#primaryimage\"},\"image\":{\"@id\":\"https:\\\/\\\/www.qj-motor.net\\\/de-at\\\/fahrschulprogramm\\\/die-welt-von-qj\\\/#primaryimage\"},\"thumbnailUrl\":\"https:\\\/\\\/www.qj-motor.net\\\/wp-content\\\/uploads\\\/2024\\\/11\\\/arrow-down-to-line-light-1.svg\",\"datePublished\":\"2026-03-06T09:01:34+00:00\",\"dateModified\":\"2026-04-23T07:37:04+00:00\",\"description\":\"Wir leben Begeisterung f\u00fcr perfekte Motorr\u00e4der und Quads und das seit 40 Jahren. Erfahre mehr \u00fcber die Qualit\u00e4t und Vision von QJ Motor!\",\"breadcrumb\":{\"@id\":\"https:\\\/\\\/www.qj-motor.net\\\/de-at\\\/fahrschulprogramm\\\/die-welt-von-qj\\\/#breadcrumb\"},\"inLanguage\":\"de-AT\",\"potentialAction\":[{\"@type\":\"ReadAction\",\"target\":[\"https:\\\/\\\/www.qj-motor.net\\\/de-at\\\/fahrschulprogramm\\\/die-welt-von-qj\\\/\"]}]},{\"@type\":\"ImageObject\",\"inLanguage\":\"de-AT\",\"@id\":\"https:\\\/\\\/www.qj-motor.net\\\/de-at\\\/fahrschulprogramm\\\/die-welt-von-qj\\\/#primaryimage\",\"url\":\"https:\\\/\\\/www.qj-motor.net\\\/wp-content\\\/uploads\\\/2024\\\/11\\\/arrow-down-to-line-light-1.svg\",\"contentUrl\":\"https:\\\/\\\/www.qj-motor.net\\\/wp-content\\\/uploads\\\/2024\\\/11\\\/arrow-down-to-line-light-1.svg\"},{\"@type\":\"BreadcrumbList\",\"@id\":\"https:\\\/\\\/www.qj-motor.net\\\/de-at\\\/fahrschulprogramm\\\/die-welt-von-qj\\\/#breadcrumb\",\"itemListElement\":[{\"@type\":\"ListItem\",\"position\":1,\"name\":\"Startseite\",\"item\":\"https:\\\/\\\/www.qj-motor.net\\\/\"},{\"@type\":\"ListItem\",\"position\":2,\"name\":\"Fahrschul Programm\",\"item\":\"https:\\\/\\\/www.qj-motor.net\\\/de-at\\\/fahrschulprogramm\\\/\"},{\"@type\":\"ListItem\",\"position\":3,\"name\":\"Fahrschulen\"}]},{\"@type\":\"WebSite\",\"@id\":\"https:\\\/\\\/www.qj-motor.net\\\/#website\",\"url\":\"https:\\\/\\\/www.qj-motor.net\\\/\",\"name\":\"QJ Motor\",\"description\":\"\",\"publisher\":{\"@id\":\"https:\\\/\\\/www.qj-motor.net\\\/#organization\"},\"potentialAction\":[{\"@type\":\"SearchAction\",\"target\":{\"@type\":\"EntryPoint\",\"urlTemplate\":\"https:\\\/\\\/www.qj-motor.net\\\/?s={search_term_string}\"},\"query-input\":{\"@type\":\"PropertyValueSpecification\",\"valueRequired\":true,\"valueName\":\"search_term_string\"}}],\"inLanguage\":\"de-AT\"},{\"@type\":\"Organization\",\"@id\":\"https:\\\/\\\/www.qj-motor.net\\\/#organization\",\"name\":\"QJ Motor\",\"url\":\"https:\\\/\\\/www.qj-motor.net\\\/\",\"logo\":{\"@type\":\"ImageObject\",\"inLanguage\":\"de-AT\",\"@id\":\"https:\\\/\\\/www.qj-motor.net\\\/#\\\/schema\\\/logo\\\/image\\\/\",\"url\":\"https:\\\/\\\/www.qj-motor.net\\\/wp-content\\\/uploads\\\/2024\\\/09\\\/QJ_motor_logo_rgb.svg\",\"contentUrl\":\"https:\\\/\\\/www.qj-motor.net\\\/wp-content\\\/uploads\\\/2024\\\/09\\\/QJ_motor_logo_rgb.svg\",\"width\":839,\"height\":148,\"caption\":\"QJ Motor\"},\"image\":{\"@id\":\"https:\\\/\\\/www.qj-motor.net\\\/#\\\/schema\\\/logo\\\/image\\\/\"}}]}<\/script>\n<!-- \/ Yoast SEO plugin. -->","yoast_head_json":{"title":"Fahrschulen - seit 40 Jahren Innovation und Fahrspa\u00df","description":"Wir leben Begeisterung f\u00fcr perfekte Motorr\u00e4der und Quads und das seit 40 Jahren. Erfahre mehr \u00fcber die Qualit\u00e4t und Vision von QJ Motor!","robots":{"index":"index","follow":"follow","max-snippet":"max-snippet:-1","max-image-preview":"max-image-preview:large","max-video-preview":"max-video-preview:-1"},"canonical":"https:\/\/www.qj-motor.net\/de-at\/fahrschulprogramm\/die-welt-von-qj\/","og_locale":"de_DE","og_type":"article","og_title":"Fahrschulen - seit 40 Jahren Innovation und Fahrspa\u00df","og_description":"Wir leben Begeisterung f\u00fcr perfekte Motorr\u00e4der und Quads und das seit 40 Jahren. Erfahre mehr \u00fcber die Qualit\u00e4t und Vision von QJ Motor!","og_url":"https:\/\/www.qj-motor.net\/de-at\/fahrschulprogramm\/die-welt-von-qj\/","og_site_name":"QJ Motor","article_modified_time":"2026-04-23T07:37:04+00:00","twitter_card":"summary_large_image","twitter_misc":{"Est. reading time":"2 minutes"},"schema":{"@context":"https:\/\/schema.org","@graph":[{"@type":"WebPage","@id":"https:\/\/www.qj-motor.net\/de-at\/fahrschulprogramm\/die-welt-von-qj\/","url":"https:\/\/www.qj-motor.net\/de-at\/fahrschulprogramm\/die-welt-von-qj\/","name":"Fahrschulen - seit 40 Jahren Innovation und Fahrspa\u00df","isPartOf":{"@id":"https:\/\/www.qj-motor.net\/#website"},"primaryImageOfPage":{"@id":"https:\/\/www.qj-motor.net\/de-at\/fahrschulprogramm\/die-welt-von-qj\/#primaryimage"},"image":{"@id":"https:\/\/www.qj-motor.net\/de-at\/fahrschulprogramm\/die-welt-von-qj\/#primaryimage"},"thumbnailUrl":"https:\/\/www.qj-motor.net\/wp-content\/uploads\/2024\/11\/arrow-down-to-line-light-1.svg","datePublished":"2026-03-06T09:01:34+00:00","dateModified":"2026-04-23T07:37:04+00:00","description":"Wir leben Begeisterung f\u00fcr perfekte Motorr\u00e4der und Quads und das seit 40 Jahren. Erfahre mehr \u00fcber die Qualit\u00e4t und Vision von QJ Motor!","breadcrumb":{"@id":"https:\/\/www.qj-motor.net\/de-at\/fahrschulprogramm\/die-welt-von-qj\/#breadcrumb"},"inLanguage":"de-AT","potentialAction":[{"@type":"ReadAction","target":["https:\/\/www.qj-motor.net\/de-at\/fahrschulprogramm\/die-welt-von-qj\/"]}]},{"@type":"ImageObject","inLanguage":"de-AT","@id":"https:\/\/www.qj-motor.net\/de-at\/fahrschulprogramm\/die-welt-von-qj\/#primaryimage","url":"https:\/\/www.qj-motor.net\/wp-content\/uploads\/2024\/11\/arrow-down-to-line-light-1.svg","contentUrl":"https:\/\/www.qj-motor.net\/wp-content\/uploads\/2024\/11\/arrow-down-to-line-light-1.svg"},{"@type":"BreadcrumbList","@id":"https:\/\/www.qj-motor.net\/de-at\/fahrschulprogramm\/die-welt-von-qj\/#breadcrumb","itemListElement":[{"@type":"ListItem","position":1,"name":"Startseite","item":"https:\/\/www.qj-motor.net\/"},{"@type":"ListItem","position":2,"name":"Fahrschul Programm","item":"https:\/\/www.qj-motor.net\/de-at\/fahrschulprogramm\/"},{"@type":"ListItem","position":3,"name":"Fahrschulen"}]},{"@type":"WebSite","@id":"https:\/\/www.qj-motor.net\/#website","url":"https:\/\/www.qj-motor.net\/","name":"QJ Motor","description":"","publisher":{"@id":"https:\/\/www.qj-motor.net\/#organization"},"potentialAction":[{"@type":"SearchAction","target":{"@type":"EntryPoint","urlTemplate":"https:\/\/www.qj-motor.net\/?s={search_term_string}"},"query-input":{"@type":"PropertyValueSpecification","valueRequired":true,"valueName":"search_term_string"}}],"inLanguage":"de-AT"},{"@type":"Organization","@id":"https:\/\/www.qj-motor.net\/#organization","name":"QJ Motor","url":"https:\/\/www.qj-motor.net\/","logo":{"@type":"ImageObject","inLanguage":"de-AT","@id":"https:\/\/www.qj-motor.net\/#\/schema\/logo\/image\/","url":"https:\/\/www.qj-motor.net\/wp-content\/uploads\/2024\/09\/QJ_motor_logo_rgb.svg","contentUrl":"https:\/\/www.qj-motor.net\/wp-content\/uploads\/2024\/09\/QJ_motor_logo_rgb.svg","width":839,"height":148,"caption":"QJ Motor"},"image":{"@id":"https:\/\/www.qj-motor.net\/#\/schema\/logo\/image\/"}}]}},"_links":{"self":[{"href":"https:\/\/www.qj-motor.net\/de-at\/wp-json\/wp\/v2\/pages\/7387","targetHints":{"allow":["GET"]}}],"collection":[{"href":"https:\/\/www.qj-motor.net\/de-at\/wp-json\/wp\/v2\/pages"}],"about":[{"href":"https:\/\/www.qj-motor.net\/de-at\/wp-json\/wp\/v2\/types\/page"}],"author":[{"embeddable":true,"href":"https:\/\/www.qj-motor.net\/de-at\/wp-json\/wp\/v2\/users\/1"}],"replies":[{"embeddable":true,"href":"https:\/\/www.qj-motor.net\/de-at\/wp-json\/wp\/v2\/comments?post=7387"}],"version-history":[{"count":20,"href":"https:\/\/www.qj-motor.net\/de-at\/wp-json\/wp\/v2\/pages\/7387\/revisions"}],"predecessor-version":[{"id":8172,"href":"https:\/\/www.qj-motor.net\/de-at\/wp-json\/wp\/v2\/pages\/7387\/revisions\/8172"}],"up":[{"embeddable":true,"href":"https:\/\/www.qj-motor.net\/de-at\/wp-json\/wp\/v2\/pages\/7365"}],"wp:attachment":[{"href":"https:\/\/www.qj-motor.net\/de-at\/wp-json\/wp\/v2\/media?parent=7387"}],"curies":[{"name":"wp","href":"https:\/\/api.w.org\/{rel}","templated":true}]}}