{"id":2499,"date":"2024-11-26T11:14:21","date_gmt":"2024-11-26T10:14:21","guid":{"rendered":"https:\/\/www.qj-motor.net\/impressum\/"},"modified":"2026-01-27T08:27:56","modified_gmt":"2026-01-27T07:27:56","slug":"impressum","status":"publish","type":"page","link":"https:\/\/www.qj-motor.net\/de-ch\/impressum\/","title":{"rendered":"Impressum"},"content":{"rendered":"\t\t<div data-elementor-type=\"wp-page\" data-elementor-id=\"2499\" class=\"elementor elementor-2499 elementor-1853\" data-elementor-post-type=\"page\">\n\t\t\t\t<div class=\"elementor-element elementor-element-577a25a e-con-full e-flex elementor-invisible e-con e-parent\" data-id=\"577a25a\" data-element_type=\"container\" data-e-type=\"container\" data-settings=\"{&quot;animation&quot;:&quot;fadeInUp&quot;}\">\n\t\t\t\t<div class=\"elementor-element elementor-element-457bfbd elementor-widget elementor-widget-heading\" data-id=\"457bfbd\" data-element_type=\"widget\" data-e-type=\"widget\" data-widget_type=\"heading.default\">\n\t\t\t\t<div class=\"elementor-widget-container\">\n\t\t\t\t\t<h1 class=\"elementor-heading-title elementor-size-default\">Impressum<\/h1>\t\t\t\t<\/div>\n\t\t\t\t<\/div>\n\t\t\t\t<div class=\"elementor-element elementor-element-ccf965b elementor-widget elementor-widget-text-editor\" data-id=\"ccf965b\" data-element_type=\"widget\" data-e-type=\"widget\" data-widget_type=\"text-editor.default\">\n\t\t\t\t<div class=\"elementor-widget-container\">\n\t\t\t\t\t\t\t\t\t<p>Im Wirtschaftspark 15<br \/>3494 Gedersdorf<br \/>\u00d6sterreich<\/p><p>Telefon:\u00a0<a href=\"tel:+43273573700\">+43 2735 73700<\/a><br \/>Fax:\u00a0<a href=\"http:\/\/www.ksr-group.com\/+43273573700974000\">+43 2735 73700-97-4000<\/a><br \/>Email:\u00a0<a href=\"mailto:office@ksr-group.com\">office@ksr-group.com<\/a><\/p><p><strong>Gesch\u00e4ftsf\u00fchrer:<\/strong>\u00a0Christian und Michael Kirschenhofer<br \/><strong>Firmenbuchnummer:<\/strong>\u00a0FN33744z<br \/><strong>Firmenbuchgericht:<\/strong>\u00a0Landesgericht Krems<br \/><strong>Umsatzsteuer-ID:<\/strong>\u00a0ATU 18522105<br \/><strong>Beh\u00f6rde gem. ECG:<\/strong>\u00a0Bezirkshauptmannschaft Krems\/Donau<br \/><strong>Gesetzliche Interessensvertretung \/ Gewerbeberechtigungen:<\/strong>\u00a0Wirtschaftskammer Nieder\u00f6sterreich<br \/>Landesgruppe Aussenhandel, Landesgruppe Fahrzeughandel: Handelsgewerbe, Berufszweig: Export-, Import-, Transit- und Binnenmarkthandel, Einzelhandel mit Mopeds und Motorr\u00e4dern, Handel mit Automobilen, Motorr\u00e4dern inkl. Bereifung, Zubeh\u00f6r, GISA-Zahl 11660194<\/p><p><strong><br \/>Konzept, Design und Programmierung<\/strong><br \/>MBIT Solutions GMBH<br \/>Ortsstrasse 2<br \/>3492 Diendorf am Kamp<br \/><a href=\"https:\/\/www.mbit.at\/\" target=\"_blank\" rel=\"noopener noreferrer\">www.mbit.at<\/a><\/p>\t\t\t\t\t\t\t\t<\/div>\n\t\t\t\t<\/div>\n\t\t\t\t<\/div>\n\t\t\t\t<\/div>\n\t\t","protected":false},"excerpt":{"rendered":"<p>Impressum Im Wirtschaftspark 153494 Gedersdorf\u00d6sterreich Telefon:\u00a0+43 2735 73700Fax:\u00a0+43 2735 73700-97-4000Email:\u00a0office@ksr-group.com Gesch\u00e4ftsf\u00fchrer:\u00a0Christian und Michael KirschenhoferFirmenbuchnummer:\u00a0FN33744zFirmenbuchgericht:\u00a0Landesgericht KremsUmsatzsteuer-ID:\u00a0ATU 18522105Beh\u00f6rde gem. ECG:\u00a0Bezirkshauptmannschaft Krems\/DonauGesetzliche Interessensvertretung \/ Gewerbeberechtigungen:\u00a0Wirtschaftskammer Nieder\u00f6sterreichLandesgruppe Aussenhandel, Landesgruppe Fahrzeughandel: Handelsgewerbe, Berufszweig: Export-, Import-, Transit- und Binnenmarkthandel, Einzelhandel mit Mopeds und Motorr\u00e4dern, Handel mit Automobilen, Motorr\u00e4dern inkl. Bereifung, Zubeh\u00f6r, GISA-Zahl 11660194 Konzept, Design und ProgrammierungMBIT Solutions GMBHOrtsstrasse 23492 Diendorf [&hellip;]<\/p>\n","protected":false},"author":1,"featured_media":0,"parent":0,"menu_order":0,"comment_status":"closed","ping_status":"closed","template":"","meta":{"_acf_changed":false,"inline_featured_image":false,"footnotes":""},"class_list":["post-2499","page","type-page","status-publish","hentry"],"acf":[],"yoast_head":"<!-- This site is optimized with the Yoast SEO plugin v27.4 - https:\/\/yoast.com\/product\/yoast-seo-wordpress\/ -->\n<title>Impressum - QJ Motor<\/title>\n<meta name=\"robots\" content=\"index, follow, max-snippet:-1, max-image-preview:large, max-video-preview:-1\" \/>\n<link rel=\"canonical\" href=\"https:\/\/www.qj-motor.net\/de-ch\/impressum\/\" \/>\n<meta property=\"og:locale\" content=\"de_DE\" \/>\n<meta property=\"og:type\" content=\"article\" \/>\n<meta property=\"og:title\" content=\"Impressum - QJ Motor\" \/>\n<meta property=\"og:description\" content=\"Impressum Im Wirtschaftspark 153494 Gedersdorf\u00d6sterreich Telefon:\u00a0+43 2735 73700Fax:\u00a0+43 2735 73700-97-4000Email:\u00a0office@ksr-group.com Gesch\u00e4ftsf\u00fchrer:\u00a0Christian und Michael KirschenhoferFirmenbuchnummer:\u00a0FN33744zFirmenbuchgericht:\u00a0Landesgericht KremsUmsatzsteuer-ID:\u00a0ATU 18522105Beh\u00f6rde gem. ECG:\u00a0Bezirkshauptmannschaft Krems\/DonauGesetzliche Interessensvertretung \/ Gewerbeberechtigungen:\u00a0Wirtschaftskammer Nieder\u00f6sterreichLandesgruppe Aussenhandel, Landesgruppe Fahrzeughandel: Handelsgewerbe, Berufszweig: Export-, Import-, Transit- und Binnenmarkthandel, Einzelhandel mit Mopeds und Motorr\u00e4dern, Handel mit Automobilen, Motorr\u00e4dern inkl. Bereifung, Zubeh\u00f6r, GISA-Zahl 11660194 Konzept, Design und ProgrammierungMBIT Solutions GMBHOrtsstrasse 23492 Diendorf [&hellip;]\" \/>\n<meta property=\"og:url\" content=\"https:\/\/www.qj-motor.net\/de-ch\/impressum\/\" \/>\n<meta property=\"og:site_name\" content=\"QJ Motor\" \/>\n<meta property=\"article:modified_time\" content=\"2026-01-27T07:27:56+00:00\" \/>\n<meta name=\"twitter:card\" content=\"summary_large_image\" \/>\n<meta name=\"twitter:label1\" content=\"Est. reading time\" \/>\n\t<meta name=\"twitter:data1\" content=\"1 minute\" \/>\n<script type=\"application\/ld+json\" class=\"yoast-schema-graph\">{\"@context\":\"https:\\\/\\\/schema.org\",\"@graph\":[{\"@type\":\"WebPage\",\"@id\":\"https:\\\/\\\/www.qj-motor.net\\\/de-ch\\\/impressum\\\/\",\"url\":\"https:\\\/\\\/www.qj-motor.net\\\/de-ch\\\/impressum\\\/\",\"name\":\"Impressum - QJ Motor\",\"isPartOf\":{\"@id\":\"https:\\\/\\\/www.qj-motor.net\\\/#website\"},\"datePublished\":\"2024-11-26T10:14:21+00:00\",\"dateModified\":\"2026-01-27T07:27:56+00:00\",\"breadcrumb\":{\"@id\":\"https:\\\/\\\/www.qj-motor.net\\\/de-ch\\\/impressum\\\/#breadcrumb\"},\"inLanguage\":\"de-CH\",\"potentialAction\":[{\"@type\":\"ReadAction\",\"target\":[\"https:\\\/\\\/www.qj-motor.net\\\/de-ch\\\/impressum\\\/\"]}]},{\"@type\":\"BreadcrumbList\",\"@id\":\"https:\\\/\\\/www.qj-motor.net\\\/de-ch\\\/impressum\\\/#breadcrumb\",\"itemListElement\":[{\"@type\":\"ListItem\",\"position\":1,\"name\":\"Startseite\",\"item\":\"https:\\\/\\\/www.qj-motor.net\\\/\"},{\"@type\":\"ListItem\",\"position\":2,\"name\":\"Impressum\"}]},{\"@type\":\"WebSite\",\"@id\":\"https:\\\/\\\/www.qj-motor.net\\\/#website\",\"url\":\"https:\\\/\\\/www.qj-motor.net\\\/\",\"name\":\"QJ Motor\",\"description\":\"\",\"publisher\":{\"@id\":\"https:\\\/\\\/www.qj-motor.net\\\/#organization\"},\"potentialAction\":[{\"@type\":\"SearchAction\",\"target\":{\"@type\":\"EntryPoint\",\"urlTemplate\":\"https:\\\/\\\/www.qj-motor.net\\\/?s={search_term_string}\"},\"query-input\":{\"@type\":\"PropertyValueSpecification\",\"valueRequired\":true,\"valueName\":\"search_term_string\"}}],\"inLanguage\":\"de-CH\"},{\"@type\":\"Organization\",\"@id\":\"https:\\\/\\\/www.qj-motor.net\\\/#organization\",\"name\":\"QJ Motor\",\"url\":\"https:\\\/\\\/www.qj-motor.net\\\/\",\"logo\":{\"@type\":\"ImageObject\",\"inLanguage\":\"de-CH\",\"@id\":\"https:\\\/\\\/www.qj-motor.net\\\/#\\\/schema\\\/logo\\\/image\\\/\",\"url\":\"https:\\\/\\\/www.qj-motor.net\\\/wp-content\\\/uploads\\\/2024\\\/09\\\/QJ_motor_logo_rgb.svg\",\"contentUrl\":\"https:\\\/\\\/www.qj-motor.net\\\/wp-content\\\/uploads\\\/2024\\\/09\\\/QJ_motor_logo_rgb.svg\",\"width\":839,\"height\":148,\"caption\":\"QJ Motor\"},\"image\":{\"@id\":\"https:\\\/\\\/www.qj-motor.net\\\/#\\\/schema\\\/logo\\\/image\\\/\"}}]}<\/script>\n<!-- \/ Yoast SEO plugin. -->","yoast_head_json":{"title":"Impressum - QJ Motor","robots":{"index":"index","follow":"follow","max-snippet":"max-snippet:-1","max-image-preview":"max-image-preview:large","max-video-preview":"max-video-preview:-1"},"canonical":"https:\/\/www.qj-motor.net\/de-ch\/impressum\/","og_locale":"de_DE","og_type":"article","og_title":"Impressum - QJ Motor","og_description":"Impressum Im Wirtschaftspark 153494 Gedersdorf\u00d6sterreich Telefon:\u00a0+43 2735 73700Fax:\u00a0+43 2735 73700-97-4000Email:\u00a0office@ksr-group.com Gesch\u00e4ftsf\u00fchrer:\u00a0Christian und Michael KirschenhoferFirmenbuchnummer:\u00a0FN33744zFirmenbuchgericht:\u00a0Landesgericht KremsUmsatzsteuer-ID:\u00a0ATU 18522105Beh\u00f6rde gem. ECG:\u00a0Bezirkshauptmannschaft Krems\/DonauGesetzliche Interessensvertretung \/ Gewerbeberechtigungen:\u00a0Wirtschaftskammer Nieder\u00f6sterreichLandesgruppe Aussenhandel, Landesgruppe Fahrzeughandel: Handelsgewerbe, Berufszweig: Export-, Import-, Transit- und Binnenmarkthandel, Einzelhandel mit Mopeds und Motorr\u00e4dern, Handel mit Automobilen, Motorr\u00e4dern inkl. Bereifung, Zubeh\u00f6r, GISA-Zahl 11660194 Konzept, Design und ProgrammierungMBIT Solutions GMBHOrtsstrasse 23492 Diendorf [&hellip;]","og_url":"https:\/\/www.qj-motor.net\/de-ch\/impressum\/","og_site_name":"QJ Motor","article_modified_time":"2026-01-27T07:27:56+00:00","twitter_card":"summary_large_image","twitter_misc":{"Est. reading time":"1 minute"},"schema":{"@context":"https:\/\/schema.org","@graph":[{"@type":"WebPage","@id":"https:\/\/www.qj-motor.net\/de-ch\/impressum\/","url":"https:\/\/www.qj-motor.net\/de-ch\/impressum\/","name":"Impressum - QJ Motor","isPartOf":{"@id":"https:\/\/www.qj-motor.net\/#website"},"datePublished":"2024-11-26T10:14:21+00:00","dateModified":"2026-01-27T07:27:56+00:00","breadcrumb":{"@id":"https:\/\/www.qj-motor.net\/de-ch\/impressum\/#breadcrumb"},"inLanguage":"de-CH","potentialAction":[{"@type":"ReadAction","target":["https:\/\/www.qj-motor.net\/de-ch\/impressum\/"]}]},{"@type":"BreadcrumbList","@id":"https:\/\/www.qj-motor.net\/de-ch\/impressum\/#breadcrumb","itemListElement":[{"@type":"ListItem","position":1,"name":"Startseite","item":"https:\/\/www.qj-motor.net\/"},{"@type":"ListItem","position":2,"name":"Impressum"}]},{"@type":"WebSite","@id":"https:\/\/www.qj-motor.net\/#website","url":"https:\/\/www.qj-motor.net\/","name":"QJ Motor","description":"","publisher":{"@id":"https:\/\/www.qj-motor.net\/#organization"},"potentialAction":[{"@type":"SearchAction","target":{"@type":"EntryPoint","urlTemplate":"https:\/\/www.qj-motor.net\/?s={search_term_string}"},"query-input":{"@type":"PropertyValueSpecification","valueRequired":true,"valueName":"search_term_string"}}],"inLanguage":"de-CH"},{"@type":"Organization","@id":"https:\/\/www.qj-motor.net\/#organization","name":"QJ Motor","url":"https:\/\/www.qj-motor.net\/","logo":{"@type":"ImageObject","inLanguage":"de-CH","@id":"https:\/\/www.qj-motor.net\/#\/schema\/logo\/image\/","url":"https:\/\/www.qj-motor.net\/wp-content\/uploads\/2024\/09\/QJ_motor_logo_rgb.svg","contentUrl":"https:\/\/www.qj-motor.net\/wp-content\/uploads\/2024\/09\/QJ_motor_logo_rgb.svg","width":839,"height":148,"caption":"QJ Motor"},"image":{"@id":"https:\/\/www.qj-motor.net\/#\/schema\/logo\/image\/"}}]}},"_links":{"self":[{"href":"https:\/\/www.qj-motor.net\/de-ch\/wp-json\/wp\/v2\/pages\/2499","targetHints":{"allow":["GET"]}}],"collection":[{"href":"https:\/\/www.qj-motor.net\/de-ch\/wp-json\/wp\/v2\/pages"}],"about":[{"href":"https:\/\/www.qj-motor.net\/de-ch\/wp-json\/wp\/v2\/types\/page"}],"author":[{"embeddable":true,"href":"https:\/\/www.qj-motor.net\/de-ch\/wp-json\/wp\/v2\/users\/1"}],"replies":[{"embeddable":true,"href":"https:\/\/www.qj-motor.net\/de-ch\/wp-json\/wp\/v2\/comments?post=2499"}],"version-history":[{"count":3,"href":"https:\/\/www.qj-motor.net\/de-ch\/wp-json\/wp\/v2\/pages\/2499\/revisions"}],"predecessor-version":[{"id":7060,"href":"https:\/\/www.qj-motor.net\/de-ch\/wp-json\/wp\/v2\/pages\/2499\/revisions\/7060"}],"wp:attachment":[{"href":"https:\/\/www.qj-motor.net\/de-ch\/wp-json\/wp\/v2\/media?parent=2499"}],"curies":[{"name":"wp","href":"https:\/\/api.w.org\/{rel}","templated":true}]}}