{"id":7364,"date":"2026-03-06T09:39:26","date_gmt":"2026-03-06T08:39:26","guid":{"rendered":"https:\/\/www.qj-motor.net\/?page_id=7364"},"modified":"2026-03-13T09:55:42","modified_gmt":"2026-03-13T08:55:42","slug":"fahrschul-programm","status":"publish","type":"page","link":"https:\/\/www.qj-motor.net\/de-ch\/fahrschul-programm\/","title":{"rendered":"Fahrschul Programm"},"content":{"rendered":"\t\t<div data-elementor-type=\"wp-page\" data-elementor-id=\"7364\" class=\"elementor elementor-7364\" data-elementor-post-type=\"page\">\n\t\t\t\t<div class=\"elementor-element elementor-element-10978d1 e-con-full e-flex e-con e-parent\" data-id=\"10978d1\" data-element_type=\"container\" data-e-type=\"container\" data-settings=\"{&quot;background_background&quot;:&quot;classic&quot;}\">\n\t\t\t\t<\/div>\n\t\t<div class=\"elementor-element elementor-element-0046b46 e-flex e-con-boxed e-con e-parent\" data-id=\"0046b46\" data-element_type=\"container\" data-e-type=\"container\">\n\t\t\t\t\t<div class=\"e-con-inner\">\n\t\t<div class=\"elementor-element elementor-element-e681508 e-con-full e-flex e-con e-child\" data-id=\"e681508\" data-element_type=\"container\" data-e-type=\"container\" data-settings=\"{&quot;background_background&quot;:&quot;classic&quot;}\">\n\t\t\t\t<div class=\"elementor-element elementor-element-a0a6019 elementor-widget elementor-widget-heading\" data-id=\"a0a6019\" data-element_type=\"widget\" data-e-type=\"widget\" data-widget_type=\"heading.default\">\n\t\t\t\t<div class=\"elementor-widget-container\">\n\t\t\t\t\t<h2 class=\"elementor-heading-title elementor-size-default\">Hol dir bis zu 500\u20ac Rabatt auf dein erstes Bike<\/h2>\t\t\t\t<\/div>\n\t\t\t\t<\/div>\n\t\t\t\t<div class=\"elementor-element elementor-element-88cfaeb elementor-align-center elementor-widget-laptop__width-initial elementor-widget elementor-widget-button\" data-id=\"88cfaeb\" data-element_type=\"widget\" data-e-type=\"widget\" data-widget_type=\"button.default\">\n\t\t\t\t<div class=\"elementor-widget-container\">\n\t\t\t\t\t\t\t\t\t<div class=\"elementor-button-wrapper\">\n\t\t\t\t\t<a class=\"elementor-button elementor-button-link elementor-size-sm\" href=\"#fahrsch\u00fcler\">\n\t\t\t\t\t\t<span class=\"elementor-button-content-wrapper\">\n\t\t\t\t\t\t\t\t\t<span class=\"elementor-button-text\">Alle Infos f\u00fcr Fahrsch\u00fcler<\/span>\n\t\t\t\t\t<\/span>\n\t\t\t\t\t<\/a>\n\t\t\t\t<\/div>\n\t\t\t\t\t\t\t\t<\/div>\n\t\t\t\t<\/div>\n\t\t\t\t<\/div>\n\t\t<div class=\"elementor-element elementor-element-79efb7e e-con-full e-flex e-con e-child\" data-id=\"79efb7e\" data-element_type=\"container\" data-e-type=\"container\" data-settings=\"{&quot;background_background&quot;:&quot;classic&quot;}\">\n\t\t\t\t<div class=\"elementor-element elementor-element-e09489d elementor-widget elementor-widget-heading\" data-id=\"e09489d\" data-element_type=\"widget\" data-e-type=\"widget\" data-widget_type=\"heading.default\">\n\t\t\t\t<div class=\"elementor-widget-container\">\n\t\t\t\t\t<h2 class=\"elementor-heading-title elementor-size-default\">Du willst vom Programm f\u00fcr Fahrschulen profitieren?<\/h2>\t\t\t\t<\/div>\n\t\t\t\t<\/div>\n\t\t\t\t<div class=\"elementor-element elementor-element-f08452e elementor-align-center elementor-widget elementor-widget-button\" data-id=\"f08452e\" data-element_type=\"widget\" data-e-type=\"widget\" data-widget_type=\"button.default\">\n\t\t\t\t<div class=\"elementor-widget-container\">\n\t\t\t\t\t\t\t\t\t<div class=\"elementor-button-wrapper\">\n\t\t\t\t\t<a class=\"elementor-button elementor-button-link elementor-size-sm\" href=\"#fahrschulen\">\n\t\t\t\t\t\t<span class=\"elementor-button-content-wrapper\">\n\t\t\t\t\t\t\t\t\t<span class=\"elementor-button-text\">Alle Infos f\u00fcr Fahrschulen<\/span>\n\t\t\t\t\t<\/span>\n\t\t\t\t\t<\/a>\n\t\t\t\t<\/div>\n\t\t\t\t\t\t\t\t<\/div>\n\t\t\t\t<\/div>\n\t\t\t\t<\/div>\n\t\t\t\t\t<\/div>\n\t\t\t\t<\/div>\n\t\t<div class=\"elementor-element elementor-element-03e7e30 e-flex e-con-boxed e-con e-parent\" data-id=\"03e7e30\" data-element_type=\"container\" data-e-type=\"container\" id=\"fahrsch\u00fcler\" data-settings=\"{&quot;background_background&quot;:&quot;classic&quot;}\">\n\t\t\t\t\t<div class=\"e-con-inner\">\n\t\t<div class=\"elementor-element elementor-element-1d96129 e-con-full e-flex e-con e-child\" data-id=\"1d96129\" data-element_type=\"container\" data-e-type=\"container\">\n\t\t\t\t<div class=\"elementor-element elementor-element-dcbc537 elementor-widget elementor-widget-heading\" data-id=\"dcbc537\" data-element_type=\"widget\" data-e-type=\"widget\" data-widget_type=\"heading.default\">\n\t\t\t\t<div class=\"elementor-widget-container\">\n\t\t\t\t\t<h2 class=\"elementor-heading-title elementor-size-default\">Du tr\u00e4umst von deinem ersten Motorrad? Wir schenken dir bis zu 500\u20ac<\/h2>\t\t\t\t<\/div>\n\t\t\t\t<\/div>\n\t\t\t\t<div class=\"elementor-element elementor-element-3d76ebd elementor-widget elementor-widget-heading\" data-id=\"3d76ebd\" data-element_type=\"widget\" data-e-type=\"widget\" data-widget_type=\"heading.default\">\n\t\t\t\t<div class=\"elementor-widget-container\">\n\t\t\t\t\t<h4 class=\"elementor-heading-title elementor-size-default\">Jetzt mit QJMOTOR direkt durchstarten und bis zu 500\u20ac Rabatt auf dein erstes Bike holen.\n<\/h4>\t\t\t\t<\/div>\n\t\t\t\t<\/div>\n\t\t\t\t<div class=\"elementor-element elementor-element-477feb0 elementor-widget elementor-widget-text-editor\" data-id=\"477feb0\" data-element_type=\"widget\" data-e-type=\"widget\" data-widget_type=\"text-editor.default\">\n\t\t\t\t<div class=\"elementor-widget-container\">\n\t\t\t\t\t\t\t\t\t<p>Der Moment ist geschafft \u2013 die Pr\u00fcfung bestanden, der F\u00fchrerschein in der Hand. <br \/>Jetzt beginnt das echte Abenteuer. QJMOTOR unterst\u00fctzt dich beim Start in deine eigene Motorradwelt mit einer <strong>finanziellen F\u00f6rderung von bis zu 500 \u20ac beim Kauf einer neuen QJMOTOR.<\/strong><\/p><p>Warum QJMOTOR? Weil du hier nicht nur ein einzelnes Modell findest \u2013 sondern ein komplettes Motorrad-Universum. QJMOTOR ist Gesamtanbieter im Motorradbereich: <strong>Vom 50-ccm-Roller \u00fcber 125-ccm-Einsteigermodelle und A2-taugliche Mittelklassebikes bis hin zur 921-ccm-Supersportmaschine<\/strong> findet jeder das passende Fahrzeug.<\/p><p>Ganz gleich, ob du urban unterwegs bist, sportlich fahren willst oder von langen Touren tr\u00e4umst \u2013 bei QJMOTOR beginnt deine pers\u00f6nliche Motorradreise.<\/p><p>Mit \u00fcber 200 QJMOTOR H\u00e4ndlern in Deutschland und \u00d6sterreich findest du kompetente Ansprechpartner in deiner N\u00e4he, die dich bei Auswahl, Finanzierung und Zubeh\u00f6r beraten.<\/p><p><strong>Dein F\u00fchrerschein ist der Start \u2013 QJMOTOR liefert dir das passende Bike dazu.<\/strong><\/p><p><a href=\"https:\/\/www.qj-motor.net\/de-at\/haendlersuche\/\">Hier findest du einen H\u00e4ndler in deiner N\u00e4he.<\/a><\/p><p><img fetchpriority=\"high\" decoding=\"async\" class=\"aligncenter wp-image-7702 size-large\" src=\"https:\/\/www.qj-motor.net\/wp-content\/uploads\/2026\/03\/Bildschirmfoto-2026-03-11-um-12.06-scaled-1-1024x346.png\" alt=\"\" width=\"800\" height=\"270\" srcset=\"https:\/\/www.qj-motor.net\/wp-content\/uploads\/2026\/03\/Bildschirmfoto-2026-03-11-um-12.06-scaled-1-1024x346.png 1024w, https:\/\/www.qj-motor.net\/wp-content\/uploads\/2026\/03\/Bildschirmfoto-2026-03-11-um-12.06-scaled-1-300x101.png 300w, https:\/\/www.qj-motor.net\/wp-content\/uploads\/2026\/03\/Bildschirmfoto-2026-03-11-um-12.06-scaled-1-768x259.png 768w, https:\/\/www.qj-motor.net\/wp-content\/uploads\/2026\/03\/Bildschirmfoto-2026-03-11-um-12.06-scaled-1-1536x518.png 1536w, https:\/\/www.qj-motor.net\/wp-content\/uploads\/2026\/03\/Bildschirmfoto-2026-03-11-um-12.06-scaled-1-2048x691.png 2048w\" sizes=\"(max-width: 800px) 100vw, 800px\" \/><\/p>\t\t\t\t\t\t\t\t<\/div>\n\t\t\t\t<\/div>\n\t\t\t\t<\/div>\n\t\t\t\t\t<\/div>\n\t\t\t\t<\/div>\n\t\t<div class=\"elementor-element elementor-element-cc314f1 e-grid e-con-boxed e-con e-parent\" data-id=\"cc314f1\" data-element_type=\"container\" data-e-type=\"container\" data-settings=\"{&quot;background_background&quot;:&quot;classic&quot;}\">\n\t\t\t\t\t<div class=\"e-con-inner\">\n\t\t\t\t<div class=\"elementor-element elementor-element-c071245 elementor-widget elementor-widget-image\" data-id=\"c071245\" data-element_type=\"widget\" data-e-type=\"widget\" data-widget_type=\"image.default\">\n\t\t\t\t<div class=\"elementor-widget-container\">\n\t\t\t\t\t\t\t\t\t\t\t\t\t\t\t<img decoding=\"async\" width=\"768\" height=\"1366\" src=\"https:\/\/www.qj-motor.net\/wp-content\/uploads\/2026\/03\/QJMotor_Fahrschueler-916_^b_02-768x1366.jpg\" class=\"attachment-medium_large size-medium_large wp-image-7745\" alt=\"\" srcset=\"https:\/\/www.qj-motor.net\/wp-content\/uploads\/2026\/03\/QJMotor_Fahrschueler-916_^b_02-768x1366.jpg 768w, https:\/\/www.qj-motor.net\/wp-content\/uploads\/2026\/03\/QJMotor_Fahrschueler-916_^b_02-169x300.jpg 169w, https:\/\/www.qj-motor.net\/wp-content\/uploads\/2026\/03\/QJMotor_Fahrschueler-916_^b_02-576x1024.jpg 576w, https:\/\/www.qj-motor.net\/wp-content\/uploads\/2026\/03\/QJMotor_Fahrschueler-916_^b_02-864x1536.jpg 864w, https:\/\/www.qj-motor.net\/wp-content\/uploads\/2026\/03\/QJMotor_Fahrschueler-916_^b_02-1152x2048.jpg 1152w, https:\/\/www.qj-motor.net\/wp-content\/uploads\/2026\/03\/QJMotor_Fahrschueler-916_^b_02-scaled.jpg 1440w\" sizes=\"(max-width: 768px) 100vw, 768px\" \/>\t\t\t\t\t\t\t\t\t\t\t\t\t\t\t<\/div>\n\t\t\t\t<\/div>\n\t\t\t\t<div class=\"elementor-element elementor-element-0a3e42c elementor-widget elementor-widget-image\" data-id=\"0a3e42c\" data-element_type=\"widget\" data-e-type=\"widget\" data-widget_type=\"image.default\">\n\t\t\t\t<div class=\"elementor-widget-container\">\n\t\t\t\t\t\t\t\t\t\t\t\t\t\t\t<img decoding=\"async\" width=\"768\" height=\"1366\" src=\"https:\/\/www.qj-motor.net\/wp-content\/uploads\/2026\/03\/QJMotor_Fahrschueler-916_^b_07-768x1366.jpg\" class=\"attachment-medium_large size-medium_large wp-image-7708\" alt=\"\" srcset=\"https:\/\/www.qj-motor.net\/wp-content\/uploads\/2026\/03\/QJMotor_Fahrschueler-916_^b_07-768x1366.jpg 768w, https:\/\/www.qj-motor.net\/wp-content\/uploads\/2026\/03\/QJMotor_Fahrschueler-916_^b_07-169x300.jpg 169w, https:\/\/www.qj-motor.net\/wp-content\/uploads\/2026\/03\/QJMotor_Fahrschueler-916_^b_07-576x1024.jpg 576w, https:\/\/www.qj-motor.net\/wp-content\/uploads\/2026\/03\/QJMotor_Fahrschueler-916_^b_07-864x1536.jpg 864w, https:\/\/www.qj-motor.net\/wp-content\/uploads\/2026\/03\/QJMotor_Fahrschueler-916_^b_07-1152x2048.jpg 1152w, https:\/\/www.qj-motor.net\/wp-content\/uploads\/2026\/03\/QJMotor_Fahrschueler-916_^b_07-scaled.jpg 1440w\" sizes=\"(max-width: 768px) 100vw, 768px\" \/>\t\t\t\t\t\t\t\t\t\t\t\t\t\t\t<\/div>\n\t\t\t\t<\/div>\n\t\t\t\t<div class=\"elementor-element elementor-element-d8812c3 elementor-widget elementor-widget-image\" data-id=\"d8812c3\" data-element_type=\"widget\" data-e-type=\"widget\" data-widget_type=\"image.default\">\n\t\t\t\t<div class=\"elementor-widget-container\">\n\t\t\t\t\t\t\t\t\t\t\t\t\t\t\t<img loading=\"lazy\" decoding=\"async\" width=\"768\" height=\"1366\" src=\"https:\/\/www.qj-motor.net\/wp-content\/uploads\/2026\/03\/QJMotor_Fahrschueler-916_^b_04-768x1366.jpg\" class=\"attachment-medium_large size-medium_large wp-image-7710\" alt=\"\" srcset=\"https:\/\/www.qj-motor.net\/wp-content\/uploads\/2026\/03\/QJMotor_Fahrschueler-916_^b_04-768x1366.jpg 768w, https:\/\/www.qj-motor.net\/wp-content\/uploads\/2026\/03\/QJMotor_Fahrschueler-916_^b_04-169x300.jpg 169w, https:\/\/www.qj-motor.net\/wp-content\/uploads\/2026\/03\/QJMotor_Fahrschueler-916_^b_04-576x1024.jpg 576w, https:\/\/www.qj-motor.net\/wp-content\/uploads\/2026\/03\/QJMotor_Fahrschueler-916_^b_04-864x1536.jpg 864w, https:\/\/www.qj-motor.net\/wp-content\/uploads\/2026\/03\/QJMotor_Fahrschueler-916_^b_04-1152x2048.jpg 1152w, https:\/\/www.qj-motor.net\/wp-content\/uploads\/2026\/03\/QJMotor_Fahrschueler-916_^b_04-scaled.jpg 1440w\" sizes=\"(max-width: 768px) 100vw, 768px\" \/>\t\t\t\t\t\t\t\t\t\t\t\t\t\t\t<\/div>\n\t\t\t\t<\/div>\n\t\t\t\t\t<\/div>\n\t\t\t\t<\/div>\n\t\t<div class=\"elementor-element elementor-element-0c6a2e3 e-flex e-con-boxed e-con e-parent\" data-id=\"0c6a2e3\" data-element_type=\"container\" data-e-type=\"container\" id=\"fahrschulen\">\n\t\t\t\t\t<div class=\"e-con-inner\">\n\t\t<div class=\"elementor-element elementor-element-19ddcd9 e-con-full e-flex e-con e-child\" data-id=\"19ddcd9\" data-element_type=\"container\" data-e-type=\"container\" data-settings=\"{&quot;background_background&quot;:&quot;classic&quot;}\">\n\t\t\t\t<\/div>\n\t\t<div class=\"elementor-element elementor-element-15bb9a0 e-con-full e-flex e-con e-child\" data-id=\"15bb9a0\" data-element_type=\"container\" data-e-type=\"container\">\n\t\t\t\t<div class=\"elementor-element elementor-element-fe67134 elementor-widget elementor-widget-heading\" data-id=\"fe67134\" data-element_type=\"widget\" data-e-type=\"widget\" data-widget_type=\"heading.default\">\n\t\t\t\t<div class=\"elementor-widget-container\">\n\t\t\t\t\t<h2 class=\"elementor-heading-title elementor-size-default\">Du willst QJMotor Fahrschul-Parnter werden? Hier findest du alle Infos dazu<\/h2>\t\t\t\t<\/div>\n\t\t\t\t<\/div>\n\t\t\t\t<div class=\"elementor-element elementor-element-bf7fd09 elementor-widget elementor-widget-shortcode\" data-id=\"bf7fd09\" data-element_type=\"widget\" data-e-type=\"widget\" data-widget_type=\"shortcode.default\">\n\t\t\t\t<div class=\"elementor-widget-container\">\n\t\t\t\t\t\t\t<div class=\"elementor-shortcode\"><div class=\"passster-form\" id=\"ps-64\">\n    <form class=\"password-form\" method=\"post\" autocomplete=\"off\" target=\"_top\">\n        <span class=\"ps-form-headline\"><\/span>\n        <div class=\"ps-form-instructions-wrap\">Dieser Inhalt ist passwortgesch\u00fctzt. Bitte geben Sie das Passwort ein um den Inhalt freizuschalten.<\/div>\n        <fieldset>\n            <span class=\"ps-loader\" style=\"display:none;\"><img decoding=\"async\" src=\"https:\/\/www.qj-motor.net\/wp-content\/plugins\/content-protector\/assets\/public\/ps-loader.svg\" alt=\"\" \/><\/span>\n            <label for=\"input-ps-64\" style=\"display:none;\" class=\"passster-hidden\">Enter your password<\/label>\n            <input placeholder=\"Passwort\" type=\"password\" tabindex=\"1\" name=\"passster_password\"\n                   id=\"input-ps-64\" class=\"passster-password\" autocomplete=\"off\"\n                   data-protection-type=\"password\" data-list=\"[PASSSTER_LIST]\" data-lists=\"[PASSSTER_LISTS]\" data-area=\"7296\"\n                   data-protection=\"area\">\n            \n            <button name=\"submit\" type=\"submit\" class=\"passster-submit\" data-psid=\"ps-64\" data-post-id=\"7364\" data-term-id=\"0\" \n                    data-submit=\"...Checking Password\" data-redirect=\"https:\/\/www.qj-motor.net\/fahrschul-programm\/fahrschulen\/\">Freischalten\n            <\/button>\n            <div class=\"passster-error\"><\/div>\n        <\/fieldset>\n    <\/form>\n<\/div>\n<\/div>\n\t\t\t\t\t\t<\/div>\n\t\t\t\t<\/div>\n\t\t\t\t<div class=\"elementor-element elementor-element-e18f818 elementor-widget elementor-widget-heading\" data-id=\"e18f818\" data-element_type=\"widget\" data-e-type=\"widget\" data-widget_type=\"heading.default\">\n\t\t\t\t<div class=\"elementor-widget-container\">\n\t\t\t\t\t<h3 class=\"elementor-heading-title elementor-size-default\">Du hast noch kein Passwort?<\/h3>\t\t\t\t<\/div>\n\t\t\t\t<\/div>\n\t\t<div class=\"elementor-element elementor-element-d595cb8 e-con-full e-flex e-con e-child\" data-id=\"d595cb8\" data-element_type=\"container\" data-e-type=\"container\">\n\t\t\t\t<div class=\"elementor-element elementor-element-dbdf866 elementor-widget elementor-widget-heading\" data-id=\"dbdf866\" data-element_type=\"widget\" data-e-type=\"widget\" data-widget_type=\"heading.default\">\n\t\t\t\t<div class=\"elementor-widget-container\">\n\t\t\t\t\t<p class=\"elementor-heading-title elementor-size-default\"><a href=\"#elementor-action%3Aaction%3Dpopup%3Aopen%26settings%3DeyJpZCI6NzQzOSwidG9nZ2xlIjpmYWxzZX0%3D\">Jetzt anfordern<\/a><\/p>\t\t\t\t<\/div>\n\t\t\t\t<\/div>\n\t\t\t\t<div class=\"elementor-element elementor-element-0896900 elementor-widget elementor-widget-image\" data-id=\"0896900\" data-element_type=\"widget\" data-e-type=\"widget\" data-widget_type=\"image.default\">\n\t\t\t\t<div class=\"elementor-widget-container\">\n\t\t\t\t\t\t\t\t\t\t\t\t\t\t\t\t<a href=\"https:\/\/www.qj-motor.net\/modelle\/\">\n\t\t\t\t\t\t\t<img loading=\"lazy\" decoding=\"async\" width=\"61\" height=\"38\" src=\"https:\/\/www.qj-motor.net\/wp-content\/uploads\/2024\/11\/arrow_red.svg\" class=\"attachment-full size-full wp-image-1956\" alt=\"\" \/>\t\t\t\t\t\t\t\t<\/a>\n\t\t\t\t\t\t\t\t\t\t\t\t\t\t\t<\/div>\n\t\t\t\t<\/div>\n\t\t\t\t<\/div>\n\t\t\t\t<\/div>\n\t\t\t\t\t<\/div>\n\t\t\t\t<\/div>\n\t\t\t\t<\/div>\n\t\t","protected":false},"excerpt":{"rendered":"<p>Hol dir bis zu 500\u20ac Rabatt auf dein erstes Bike Alle Infos f\u00fcr Fahrsch\u00fcler Du willst vom Programm f\u00fcr Fahrschulen profitieren? Alle Infos f\u00fcr Fahrschulen Du tr\u00e4umst von deinem ersten Motorrad? Wir schenken dir bis zu 500\u20ac Jetzt mit QJMOTOR direkt durchstarten und bis zu 500\u20ac Rabatt auf dein erstes Bike holen. Der Moment ist [&hellip;]<\/p>\n","protected":false},"author":1,"featured_media":0,"parent":0,"menu_order":0,"comment_status":"closed","ping_status":"closed","template":"","meta":{"_acf_changed":false,"inline_featured_image":false,"footnotes":""},"class_list":["post-7364","page","type-page","status-publish","hentry"],"acf":[],"yoast_head":"<!-- This site is optimized with the Yoast SEO plugin v27.4 - https:\/\/yoast.com\/product\/yoast-seo-wordpress\/ -->\n<title>Fahrschul Programm - seit 40 Jahren Innovation und Fahrspa\u00df<\/title>\n<meta name=\"robots\" content=\"index, follow, max-snippet:-1, max-image-preview:large, max-video-preview:-1\" \/>\n<link rel=\"canonical\" href=\"https:\/\/www.qj-motor.net\/fahrschul-programm\/\" \/>\n<meta property=\"og:locale\" content=\"de_DE\" \/>\n<meta property=\"og:type\" content=\"article\" \/>\n<meta property=\"og:title\" content=\"Fahrschul Programm - seit 40 Jahren Innovation und Fahrspa\u00df\" \/>\n<meta property=\"og:description\" content=\"Hol dir bis zu 500\u20ac Rabatt auf dein erstes Bike Alle Infos f\u00fcr Fahrsch\u00fcler Du willst vom Programm f\u00fcr Fahrschulen profitieren? Alle Infos f\u00fcr Fahrschulen Du tr\u00e4umst von deinem ersten Motorrad? Wir schenken dir bis zu 500\u20ac Jetzt mit QJMOTOR direkt durchstarten und bis zu 500\u20ac Rabatt auf dein erstes Bike holen. Der Moment ist [&hellip;]\" \/>\n<meta property=\"og:url\" content=\"https:\/\/www.qj-motor.net\/fahrschul-programm\/\" \/>\n<meta property=\"og:site_name\" content=\"QJ Motor\" \/>\n<meta property=\"article:modified_time\" content=\"2026-03-13T08:55:42+00:00\" \/>\n<meta property=\"og:image\" content=\"https:\/\/www.qj-motor.net\/wp-content\/uploads\/2026\/03\/Bildschirmfoto-2026-03-11-um-12.06-scaled-1.png\" \/>\n\t<meta property=\"og:image:width\" content=\"2560\" \/>\n\t<meta property=\"og:image:height\" content=\"864\" \/>\n\t<meta property=\"og:image:type\" content=\"image\/png\" \/>\n<meta name=\"twitter:card\" content=\"summary_large_image\" \/>\n<meta name=\"twitter:label1\" content=\"Est. reading time\" \/>\n\t<meta name=\"twitter:data1\" content=\"3 minutes\" \/>\n<script type=\"application\/ld+json\" class=\"yoast-schema-graph\">{\"@context\":\"https:\\\/\\\/schema.org\",\"@graph\":[{\"@type\":\"WebPage\",\"@id\":\"https:\\\/\\\/www.qj-motor.net\\\/fahrschul-programm\\\/\",\"url\":\"https:\\\/\\\/www.qj-motor.net\\\/fahrschul-programm\\\/\",\"name\":\"Fahrschul Programm - seit 40 Jahren Innovation und Fahrspa\u00df\",\"isPartOf\":{\"@id\":\"https:\\\/\\\/www.qj-motor.net\\\/#website\"},\"primaryImageOfPage\":{\"@id\":\"https:\\\/\\\/www.qj-motor.net\\\/fahrschul-programm\\\/#primaryimage\"},\"image\":{\"@id\":\"https:\\\/\\\/www.qj-motor.net\\\/fahrschul-programm\\\/#primaryimage\"},\"thumbnailUrl\":\"https:\\\/\\\/www.qj-motor.net\\\/wp-content\\\/uploads\\\/2026\\\/03\\\/Bildschirmfoto-2026-03-11-um-12.06-scaled-1-1024x346.png\",\"datePublished\":\"2026-03-06T08:39:26+00:00\",\"dateModified\":\"2026-03-13T08:55:42+00:00\",\"breadcrumb\":{\"@id\":\"https:\\\/\\\/www.qj-motor.net\\\/fahrschul-programm\\\/#breadcrumb\"},\"inLanguage\":\"de-CH\",\"potentialAction\":[{\"@type\":\"ReadAction\",\"target\":[\"https:\\\/\\\/www.qj-motor.net\\\/fahrschul-programm\\\/\"]}]},{\"@type\":\"ImageObject\",\"inLanguage\":\"de-CH\",\"@id\":\"https:\\\/\\\/www.qj-motor.net\\\/fahrschul-programm\\\/#primaryimage\",\"url\":\"https:\\\/\\\/www.qj-motor.net\\\/wp-content\\\/uploads\\\/2026\\\/03\\\/Bildschirmfoto-2026-03-11-um-12.06-scaled-1-1024x346.png\",\"contentUrl\":\"https:\\\/\\\/www.qj-motor.net\\\/wp-content\\\/uploads\\\/2026\\\/03\\\/Bildschirmfoto-2026-03-11-um-12.06-scaled-1-1024x346.png\"},{\"@type\":\"BreadcrumbList\",\"@id\":\"https:\\\/\\\/www.qj-motor.net\\\/fahrschul-programm\\\/#breadcrumb\",\"itemListElement\":[{\"@type\":\"ListItem\",\"position\":1,\"name\":\"Startseite\",\"item\":\"https:\\\/\\\/www.qj-motor.net\\\/\"},{\"@type\":\"ListItem\",\"position\":2,\"name\":\"Fahrschul Programm\"}]},{\"@type\":\"WebSite\",\"@id\":\"https:\\\/\\\/www.qj-motor.net\\\/#website\",\"url\":\"https:\\\/\\\/www.qj-motor.net\\\/\",\"name\":\"QJ Motor\",\"description\":\"\",\"publisher\":{\"@id\":\"https:\\\/\\\/www.qj-motor.net\\\/#organization\"},\"potentialAction\":[{\"@type\":\"SearchAction\",\"target\":{\"@type\":\"EntryPoint\",\"urlTemplate\":\"https:\\\/\\\/www.qj-motor.net\\\/?s={search_term_string}\"},\"query-input\":{\"@type\":\"PropertyValueSpecification\",\"valueRequired\":true,\"valueName\":\"search_term_string\"}}],\"inLanguage\":\"de-CH\"},{\"@type\":\"Organization\",\"@id\":\"https:\\\/\\\/www.qj-motor.net\\\/#organization\",\"name\":\"QJ Motor\",\"url\":\"https:\\\/\\\/www.qj-motor.net\\\/\",\"logo\":{\"@type\":\"ImageObject\",\"inLanguage\":\"de-CH\",\"@id\":\"https:\\\/\\\/www.qj-motor.net\\\/#\\\/schema\\\/logo\\\/image\\\/\",\"url\":\"https:\\\/\\\/www.qj-motor.net\\\/wp-content\\\/uploads\\\/2024\\\/09\\\/QJ_motor_logo_rgb.svg\",\"contentUrl\":\"https:\\\/\\\/www.qj-motor.net\\\/wp-content\\\/uploads\\\/2024\\\/09\\\/QJ_motor_logo_rgb.svg\",\"width\":839,\"height\":148,\"caption\":\"QJ Motor\"},\"image\":{\"@id\":\"https:\\\/\\\/www.qj-motor.net\\\/#\\\/schema\\\/logo\\\/image\\\/\"}}]}<\/script>\n<!-- \/ Yoast SEO plugin. -->","yoast_head_json":{"title":"Fahrschul Programm - seit 40 Jahren Innovation und Fahrspa\u00df","robots":{"index":"index","follow":"follow","max-snippet":"max-snippet:-1","max-image-preview":"max-image-preview:large","max-video-preview":"max-video-preview:-1"},"canonical":"https:\/\/www.qj-motor.net\/fahrschul-programm\/","og_locale":"de_DE","og_type":"article","og_title":"Fahrschul Programm - seit 40 Jahren Innovation und Fahrspa\u00df","og_description":"Hol dir bis zu 500\u20ac Rabatt auf dein erstes Bike Alle Infos f\u00fcr Fahrsch\u00fcler Du willst vom Programm f\u00fcr Fahrschulen profitieren? Alle Infos f\u00fcr Fahrschulen Du tr\u00e4umst von deinem ersten Motorrad? Wir schenken dir bis zu 500\u20ac Jetzt mit QJMOTOR direkt durchstarten und bis zu 500\u20ac Rabatt auf dein erstes Bike holen. Der Moment ist [&hellip;]","og_url":"https:\/\/www.qj-motor.net\/fahrschul-programm\/","og_site_name":"QJ Motor","article_modified_time":"2026-03-13T08:55:42+00:00","og_image":[{"width":2560,"height":864,"url":"https:\/\/www.qj-motor.net\/wp-content\/uploads\/2026\/03\/Bildschirmfoto-2026-03-11-um-12.06-scaled-1.png","type":"image\/png"}],"twitter_card":"summary_large_image","twitter_misc":{"Est. reading time":"3 minutes"},"schema":{"@context":"https:\/\/schema.org","@graph":[{"@type":"WebPage","@id":"https:\/\/www.qj-motor.net\/fahrschul-programm\/","url":"https:\/\/www.qj-motor.net\/fahrschul-programm\/","name":"Fahrschul Programm - seit 40 Jahren Innovation und Fahrspa\u00df","isPartOf":{"@id":"https:\/\/www.qj-motor.net\/#website"},"primaryImageOfPage":{"@id":"https:\/\/www.qj-motor.net\/fahrschul-programm\/#primaryimage"},"image":{"@id":"https:\/\/www.qj-motor.net\/fahrschul-programm\/#primaryimage"},"thumbnailUrl":"https:\/\/www.qj-motor.net\/wp-content\/uploads\/2026\/03\/Bildschirmfoto-2026-03-11-um-12.06-scaled-1-1024x346.png","datePublished":"2026-03-06T08:39:26+00:00","dateModified":"2026-03-13T08:55:42+00:00","breadcrumb":{"@id":"https:\/\/www.qj-motor.net\/fahrschul-programm\/#breadcrumb"},"inLanguage":"de-CH","potentialAction":[{"@type":"ReadAction","target":["https:\/\/www.qj-motor.net\/fahrschul-programm\/"]}]},{"@type":"ImageObject","inLanguage":"de-CH","@id":"https:\/\/www.qj-motor.net\/fahrschul-programm\/#primaryimage","url":"https:\/\/www.qj-motor.net\/wp-content\/uploads\/2026\/03\/Bildschirmfoto-2026-03-11-um-12.06-scaled-1-1024x346.png","contentUrl":"https:\/\/www.qj-motor.net\/wp-content\/uploads\/2026\/03\/Bildschirmfoto-2026-03-11-um-12.06-scaled-1-1024x346.png"},{"@type":"BreadcrumbList","@id":"https:\/\/www.qj-motor.net\/fahrschul-programm\/#breadcrumb","itemListElement":[{"@type":"ListItem","position":1,"name":"Startseite","item":"https:\/\/www.qj-motor.net\/"},{"@type":"ListItem","position":2,"name":"Fahrschul Programm"}]},{"@type":"WebSite","@id":"https:\/\/www.qj-motor.net\/#website","url":"https:\/\/www.qj-motor.net\/","name":"QJ Motor","description":"","publisher":{"@id":"https:\/\/www.qj-motor.net\/#organization"},"potentialAction":[{"@type":"SearchAction","target":{"@type":"EntryPoint","urlTemplate":"https:\/\/www.qj-motor.net\/?s={search_term_string}"},"query-input":{"@type":"PropertyValueSpecification","valueRequired":true,"valueName":"search_term_string"}}],"inLanguage":"de-CH"},{"@type":"Organization","@id":"https:\/\/www.qj-motor.net\/#organization","name":"QJ Motor","url":"https:\/\/www.qj-motor.net\/","logo":{"@type":"ImageObject","inLanguage":"de-CH","@id":"https:\/\/www.qj-motor.net\/#\/schema\/logo\/image\/","url":"https:\/\/www.qj-motor.net\/wp-content\/uploads\/2024\/09\/QJ_motor_logo_rgb.svg","contentUrl":"https:\/\/www.qj-motor.net\/wp-content\/uploads\/2024\/09\/QJ_motor_logo_rgb.svg","width":839,"height":148,"caption":"QJ Motor"},"image":{"@id":"https:\/\/www.qj-motor.net\/#\/schema\/logo\/image\/"}}]}},"_links":{"self":[{"href":"https:\/\/www.qj-motor.net\/de-ch\/wp-json\/wp\/v2\/pages\/7364","targetHints":{"allow":["GET"]}}],"collection":[{"href":"https:\/\/www.qj-motor.net\/de-ch\/wp-json\/wp\/v2\/pages"}],"about":[{"href":"https:\/\/www.qj-motor.net\/de-ch\/wp-json\/wp\/v2\/types\/page"}],"author":[{"embeddable":true,"href":"https:\/\/www.qj-motor.net\/de-ch\/wp-json\/wp\/v2\/users\/1"}],"replies":[{"embeddable":true,"href":"https:\/\/www.qj-motor.net\/de-ch\/wp-json\/wp\/v2\/comments?post=7364"}],"version-history":[{"count":20,"href":"https:\/\/www.qj-motor.net\/de-ch\/wp-json\/wp\/v2\/pages\/7364\/revisions"}],"predecessor-version":[{"id":7825,"href":"https:\/\/www.qj-motor.net\/de-ch\/wp-json\/wp\/v2\/pages\/7364\/revisions\/7825"}],"wp:attachment":[{"href":"https:\/\/www.qj-motor.net\/de-ch\/wp-json\/wp\/v2\/media?parent=7364"}],"curies":[{"name":"wp","href":"https:\/\/api.w.org\/{rel}","templated":true}]}}